{"id":2,"date":"2016-08-13T15:30:36","date_gmt":"2016-08-13T12:30:36","guid":{"rendered":"http:\/\/www.ketutar.com\/savet\/?page_id=2"},"modified":"2019-01-20T11:16:20","modified_gmt":"2019-01-20T09:16:20","slug":"info","status":"publish","type":"page","link":"http:\/\/www.ketutar.com\/pirjok\/","title":{"rendered":"Info"},"content":{"rendered":"<p>Hei,<\/p>\n<p>Pirjo K. keramiikkaa l\u00f6ytyy jatkossa Facebookin puolelta\u00a0<a href=\"https:\/\/www.facebook.com\/pirjokkeramiikkaa\/\" target=\"_blank\" rel=\"noopener\">Pirjo K. keramiikkaa <\/a><\/p>\n<p>K\u00e4yk\u00e4\u00e4h\u00e4n seuraamassa ja tykk\u00e4\u00e4m\u00e4ss\u00e4, Facebook-sivulle p\u00e4ivittyy jatkossa uusia kuvia ja kuulumisia!<\/p>\n<p>&nbsp;<\/p>\n<p><img data-recalc-dims=\"1\" loading=\"lazy\" decoding=\"async\" data-attachment-id=\"334\" data-permalink=\"http:\/\/www.ketutar.com\/pirjok\/info\/dsc_0103\/\" data-orig-file=\"https:\/\/i0.wp.com\/www.ketutar.com\/pirjok\/wp-content\/uploads\/2016\/08\/DSC_0103.jpg?fit=4608%2C3072\" data-orig-size=\"4608,3072\" data-comments-opened=\"1\" data-image-meta=\"{&quot;aperture&quot;:&quot;3.5&quot;,&quot;credit&quot;:&quot;&quot;,&quot;camera&quot;:&quot;NIKON D3100&quot;,&quot;caption&quot;:&quot;&quot;,&quot;created_timestamp&quot;:&quot;1504947405&quot;,&quot;copyright&quot;:&quot;&quot;,&quot;focal_length&quot;:&quot;18&quot;,&quot;iso&quot;:&quot;900&quot;,&quot;shutter_speed&quot;:&quot;0.016666666666667&quot;,&quot;title&quot;:&quot;&quot;,&quot;orientation&quot;:&quot;1&quot;}\" data-image-title=\"DSC_0103\" data-image-description=\"\" data-image-caption=\"\" data-medium-file=\"https:\/\/i0.wp.com\/www.ketutar.com\/pirjok\/wp-content\/uploads\/2016\/08\/DSC_0103.jpg?fit=300%2C200\" data-large-file=\"https:\/\/i0.wp.com\/www.ketutar.com\/pirjok\/wp-content\/uploads\/2016\/08\/DSC_0103.jpg?fit=750%2C500\" class=\"size-large wp-image-334 aligncenter\" src=\"https:\/\/i0.wp.com\/www.ketutar.com\/pirjok\/wp-content\/uploads\/2016\/08\/DSC_0103.jpg?resize=750%2C500\" alt=\"\" width=\"750\" height=\"500\" srcset=\"https:\/\/i0.wp.com\/www.ketutar.com\/pirjok\/wp-content\/uploads\/2016\/08\/DSC_0103.jpg?resize=1024%2C683 1024w, https:\/\/i0.wp.com\/www.ketutar.com\/pirjok\/wp-content\/uploads\/2016\/08\/DSC_0103.jpg?resize=300%2C200 300w, https:\/\/i0.wp.com\/www.ketutar.com\/pirjok\/wp-content\/uploads\/2016\/08\/DSC_0103.jpg?resize=768%2C512 768w, https:\/\/i0.wp.com\/www.ketutar.com\/pirjok\/wp-content\/uploads\/2016\/08\/DSC_0103.jpg?resize=750%2C500 750w, https:\/\/i0.wp.com\/www.ketutar.com\/pirjok\/wp-content\/uploads\/2016\/08\/DSC_0103.jpg?w=1500 1500w, https:\/\/i0.wp.com\/www.ketutar.com\/pirjok\/wp-content\/uploads\/2016\/08\/DSC_0103.jpg?w=2250 2250w\" sizes=\"auto, (max-width: 750px) 100vw, 750px\" \/><\/p>\n","protected":false},"excerpt":{"rendered":"<p>Hei, Pirjo K. keramiikkaa l\u00f6ytyy jatkossa Facebookin puolelta\u00a0Pirjo K. keramiikkaa K\u00e4yk\u00e4\u00e4h\u00e4n seuraamassa ja tykk\u00e4\u00e4m\u00e4ss\u00e4, Facebook-sivulle p\u00e4ivittyy jatkossa uusia kuvia ja kuulumisia! &nbsp;<\/p>\n","protected":false},"author":1,"featured_media":0,"parent":0,"menu_order":0,"comment_status":"closed","ping_status":"open","template":"","meta":{"jetpack_post_was_ever_published":false,"footnotes":""},"class_list":["post-2","page","type-page","status-publish","hentry","entry"],"jetpack_sharing_enabled":true,"jetpack_shortlink":"https:\/\/wp.me\/P7XQgt-2","jetpack-related-posts":[],"_links":{"self":[{"href":"http:\/\/www.ketutar.com\/pirjok\/wp-json\/wp\/v2\/pages\/2","targetHints":{"allow":["GET"]}}],"collection":[{"href":"http:\/\/www.ketutar.com\/pirjok\/wp-json\/wp\/v2\/pages"}],"about":[{"href":"http:\/\/www.ketutar.com\/pirjok\/wp-json\/wp\/v2\/types\/page"}],"author":[{"embeddable":true,"href":"http:\/\/www.ketutar.com\/pirjok\/wp-json\/wp\/v2\/users\/1"}],"replies":[{"embeddable":true,"href":"http:\/\/www.ketutar.com\/pirjok\/wp-json\/wp\/v2\/comments?post=2"}],"version-history":[{"count":15,"href":"http:\/\/www.ketutar.com\/pirjok\/wp-json\/wp\/v2\/pages\/2\/revisions"}],"predecessor-version":[{"id":7740,"href":"http:\/\/www.ketutar.com\/pirjok\/wp-json\/wp\/v2\/pages\/2\/revisions\/7740"}],"wp:attachment":[{"href":"http:\/\/www.ketutar.com\/pirjok\/wp-json\/wp\/v2\/media?parent=2"}],"curies":[{"name":"wp","href":"https:\/\/api.w.org\/{rel}","templated":true}]}}